{"id":585,"date":"2023-01-15T19:00:37","date_gmt":"2023-01-15T19:00:37","guid":{"rendered":"https:\/\/aquariendesign-dingolfing.de\/?page_id=585"},"modified":"2023-04-15T19:29:37","modified_gmt":"2023-04-15T19:29:37","slug":"naturfutter","status":"publish","type":"page","link":"https:\/\/aquariendesign-dingolfing.de\/?page_id=585","title":{"rendered":"Naturfutter"},"content":{"rendered":"<div id='av-layout-grid-1'  class='av-layout-grid-container av-50s4os-15ad259c8915963241244a375497e312 entry-content-wrapper main_color av-flex-cells  avia-builder-el-0  el_before_av_layout_row  avia-builder-el-first   container_wrap fullsize'  >\n\n<style type=\"text\/css\" data-created_by=\"avia_inline_auto\" id=\"style-css-av-4y8ad0-f8d314a052be93ac375e8f984d7f1ddf\">\n.flex_cell.av-4y8ad0-f8d314a052be93ac375e8f984d7f1ddf{\nvertical-align:top;\nbackground-color:#335b76;\n}\n.responsive #top #wrap_all .flex_cell.av-4y8ad0-f8d314a052be93ac375e8f984d7f1ddf{\npadding:3px 3px 3px 3px !important;\n}\n<\/style>\n<div class='flex_cell av-4y8ad0-f8d314a052be93ac375e8f984d7f1ddf av-gridrow-cell av_one_full no_margin  avia-builder-el-1  avia-builder-el-no-sibling  content-align-top'  ><div class='flex_cell_inner'><\/div><\/div>\n<\/div>\n<div id='av-layout-grid-2'  class='av-layout-grid-container av-3hxlk1-090d1b1f40e638ab6219ee2a74e3538b entry-content-wrapper main_color av-flex-cells  avia-builder-el-2  el_after_av_layout_row  el_before_av_one_fourth  grid-row-not-first  container_wrap fullsize'  >\n\n<style type=\"text\/css\" data-created_by=\"avia_inline_auto\" id=\"style-css-av-lc9jqbmz-43938b268d528242020038cfd44eee85\">\n.flex_cell.av-lc9jqbmz-43938b268d528242020038cfd44eee85{\nvertical-align:middle;\nbackground-color:#335b76;\n}\n.responsive #top #wrap_all .flex_cell.av-lc9jqbmz-43938b268d528242020038cfd44eee85{\npadding:15px 15px 15px 15px !important;\n}\n<\/style>\n<div class='flex_cell av-lc9jqbmz-43938b268d528242020038cfd44eee85 av-gridrow-cell av_one_full no_margin  avia-builder-el-3  avia-builder-el-no-sibling  content-align-middle'  ><div class='flex_cell_inner'>\n<style type=\"text\/css\" data-created_by=\"avia_inline_auto\" id=\"style-css-av-lc9jprc4-170c1f96778d940529c24e4ba36c6fa8\">\n#top .av-special-heading.av-lc9jprc4-170c1f96778d940529c24e4ba36c6fa8{\nmargin:20px 0 0 0;\npadding-bottom:10px;\ncolor:#ffffff;\n}\nbody .av-special-heading.av-lc9jprc4-170c1f96778d940529c24e4ba36c6fa8 .av-special-heading-tag .heading-char{\nfont-size:25px;\n}\n.av-special-heading.av-lc9jprc4-170c1f96778d940529c24e4ba36c6fa8 .special-heading-inner-border{\nborder-color:#ffffff;\n}\n.av-special-heading.av-lc9jprc4-170c1f96778d940529c24e4ba36c6fa8 .av-subheading{\nfont-size:15px;\n}\n<\/style>\n<div  class='av-special-heading av-lc9jprc4-170c1f96778d940529c24e4ba36c6fa8 av-special-heading-h2 custom-color-heading blockquote modern-quote modern-centered  avia-builder-el-4  avia-builder-el-no-sibling '><h2 class='av-special-heading-tag '  itemprop=\"headline\"  >Naturfutter<\/h2><div class=\"special-heading-border\"><div class=\"special-heading-inner-border\"><\/div><\/div><\/div>\n<\/div><\/div>\n<\/div><div id='after_grid_row_2'  class='main_color av_default_container_wrap container_wrap fullsize'  ><div class='container av-section-cont-open' ><div class='template-page content  av-content-full alpha units'><div class='post-entry post-entry-type-page post-entry-585'><div class='entry-content-wrapper clearfix'>\n<div class='flex_column_table av-4s2bmc-2651fe6b5fd113386dbf09755a47290e sc-av_one_fourth av-equal-height-column-flextable'><div  class='flex_column av-4s2bmc-2651fe6b5fd113386dbf09755a47290e av_one_fourth  avia-builder-el-5  el_after_av_layout_row  el_before_av_three_fourth  avia-builder-el-first  first flex_column_table_cell av-equal-height-column av-align-middle  '     ><style type=\"text\/css\" data-created_by=\"avia_inline_auto\" id=\"style-css-av-4kjxto-5f6eae23e3fdf57aa0573cb2cc651120\">\n.avia-image-container.av-4kjxto-5f6eae23e3fdf57aa0573cb2cc651120 img.avia_image{\nbox-shadow:none;\n}\n.avia-image-container.av-4kjxto-5f6eae23e3fdf57aa0573cb2cc651120 .av-image-caption-overlay-center{\ncolor:#ffffff;\n}\n<\/style>\n<div  class='avia-image-container av-4kjxto-5f6eae23e3fdf57aa0573cb2cc651120 av-styling- avia-align-center  avia-builder-el-6  avia-builder-el-no-sibling '   itemprop=\"image\" itemscope=\"itemscope\" itemtype=\"https:\/\/schema.org\/ImageObject\" ><div class=\"avia-image-container-inner\"><div class=\"avia-image-overlay-wrap\"><img decoding=\"async\" fetchpriority=\"high\" class='wp-image-466 avia-img-lazy-loading-not-466 avia_image ' src=\"https:\/\/aquariendesign-dingolfing.de\/wp-content\/uploads\/2023\/01\/Gesundes-Gruenzeug.jpg\" alt='' title='Gesundes Gr\u00fcnzeug'  height=\"225\" width=\"300\"  itemprop=\"thumbnailUrl\"  \/><\/div><\/div><\/div><\/div>\n<div class='av-flex-placeholder'><\/div><div  class='flex_column av-fzpk4-b9baf3e9fce9511c4cf9dba8ceff3168 av_three_fourth  avia-builder-el-7  el_after_av_one_fourth  el_before_av_layout_row  avia-builder-el-last  flex_column_table_cell av-equal-height-column av-align-middle  '     ><p>\n<style type=\"text\/css\" data-created_by=\"avia_inline_auto\" id=\"style-css-av-lbi063vv-63ae37fbb9666a4ef79d34f288b661dc\">\n#top .av-special-heading.av-lbi063vv-63ae37fbb9666a4ef79d34f288b661dc{\npadding-bottom:10px;\n}\nbody .av-special-heading.av-lbi063vv-63ae37fbb9666a4ef79d34f288b661dc .av-special-heading-tag .heading-char{\nfont-size:25px;\n}\n.av-special-heading.av-lbi063vv-63ae37fbb9666a4ef79d34f288b661dc .av-subheading{\nfont-size:15px;\n}\n<\/style>\n<div  class='av-special-heading av-lbi063vv-63ae37fbb9666a4ef79d34f288b661dc av-special-heading-h3 blockquote modern-quote  avia-builder-el-8  el_before_av_textblock  avia-builder-el-first '><h3 class='av-special-heading-tag '  itemprop=\"headline\"  >Gesundes Gr\u00fcnzeug<\/h3><div class=\"special-heading-border\"><div class=\"special-heading-inner-border\"><\/div><\/div><\/div><br \/>\n<section  class='av_textblock_section av-lbi06jpk-cb1c579e9d1c41bcab9c90661e9b6962 '   itemscope=\"itemscope\" itemtype=\"https:\/\/schema.org\/CreativeWork\" ><div class='avia_textblock'  itemprop=\"text\" ><p>Veggi ist in!<\/p>\n<p>Das gilt nicht nur f\u00fcr uns, sondern auch f\u00fcr die Aquarienbewohner.<\/p>\n<p>Dass nicht nur Welse, Schnecken und Garnelen die Gr\u00fcnkost sch\u00e4tzen, ist weniger bekannt. Und dass man auch viel aus dem heimischen Garten verf\u00fcttern kann, ist noch weniger bekannt &#8230;<\/p>\n<p>Neugierig? Dann lesen Sie doch mal rein:<\/p>\n<\/div><\/section><br \/>\n<div  class='avia-buttonrow-wrap av-45tkgk-139d06fac0f1661947511e78255d59cf avia-buttonrow-left  avia-builder-el-10  el_after_av_textblock  avia-builder-el-last '>\n\n<style type=\"text\/css\" data-created_by=\"avia_inline_auto\" id=\"style-css-av-44aodo-982106093edd8f81f81d482be80a59d9\">\n#top #wrap_all .avia-button.av-44aodo-982106093edd8f81f81d482be80a59d9{\nmargin-bottom:5px;\nmargin-right:5px;\n}\n<\/style>\n<a href='https:\/\/aquariendesign-dingolfing.de\/wp-content\/uploads\/2023\/01\/Gesundes-Gruenzeug.pdf'  class='avia-button av-44aodo-982106093edd8f81f81d482be80a59d9 avia-icon_select-yes-left-icon avia-size-small avia-color-theme-color'  target=\"_blank\"  rel=\"noopener noreferrer\"  aria-label=\"2017 DATZ 1\"><span class='avia_button_icon avia_button_icon_left avia-iconfont avia-font-entypo-fontello' data-av_icon='\ue82d' data-av_iconfont='entypo-fontello' ><\/span><span class='avia_iconbox_title' >2017 DATZ 1<\/span><\/a>\n<\/div><\/p><\/div><\/div><!--close column table wrapper. Autoclose: 1 -->\n<\/div><\/div><\/div><!-- close content main div --><\/div><\/div><div id='av-layout-grid-3'  class='av-layout-grid-container av-3l6wck-6a689a4f3ef88e7dd50dcdd815d3701c entry-content-wrapper main_color av-flex-cells  avia-builder-el-11  el_after_av_three_fourth  el_before_av_one_fourth  grid-row-not-first  container_wrap fullsize'  >\n\n<style type=\"text\/css\" data-created_by=\"avia_inline_auto\" id=\"style-css-av-3fitwc-094ea84430c2c0040894e144f5a4dabd\">\n.flex_cell.av-3fitwc-094ea84430c2c0040894e144f5a4dabd{\nvertical-align:top;\nbackground-color:#335b76;\n}\n.responsive #top #wrap_all .flex_cell.av-3fitwc-094ea84430c2c0040894e144f5a4dabd{\npadding:3px 3px 3px 3px !important;\n}\n<\/style>\n<div class='flex_cell av-3fitwc-094ea84430c2c0040894e144f5a4dabd av-gridrow-cell av_one_full no_margin  avia-builder-el-12  avia-builder-el-no-sibling  content-align-top'  ><div class='flex_cell_inner'><\/div><\/div>\n<\/div><div id='after_grid_row_3'  class='main_color av_default_container_wrap container_wrap fullsize'  ><div class='container av-section-cont-open' ><div class='template-page content  av-content-full alpha units'><div class='post-entry post-entry-type-page post-entry-585'><div class='entry-content-wrapper clearfix'>\n<div class='flex_column_table av-lbi0cvdf-887fd64913d9a743198651bcb5333030 sc-av_one_fourth av-equal-height-column-flextable'><div  class='flex_column av-lbi0cvdf-887fd64913d9a743198651bcb5333030 av_one_fourth  avia-builder-el-13  el_after_av_layout_row  el_before_av_three_fourth  avia-builder-el-first  first flex_column_table_cell av-equal-height-column av-align-middle  '     ><style type=\"text\/css\" data-created_by=\"avia_inline_auto\" id=\"style-css-av-lbi0504v-edacd3f094b456e066b4ea55a10924eb\">\n.avia-image-container.av-lbi0504v-edacd3f094b456e066b4ea55a10924eb img.avia_image{\nbox-shadow:none;\n}\n.avia-image-container.av-lbi0504v-edacd3f094b456e066b4ea55a10924eb .av-image-caption-overlay-center{\ncolor:#ffffff;\n}\n<\/style>\n<div  class='avia-image-container av-lbi0504v-edacd3f094b456e066b4ea55a10924eb av-styling- avia-align-center  avia-builder-el-14  avia-builder-el-no-sibling '   itemprop=\"image\" itemscope=\"itemscope\" itemtype=\"https:\/\/schema.org\/ImageObject\" ><div class=\"avia-image-container-inner\"><div class=\"avia-image-overlay-wrap\"><img decoding=\"async\" fetchpriority=\"high\" class='wp-image-468 avia-img-lazy-loading-not-468 avia_image ' src=\"https:\/\/aquariendesign-dingolfing.de\/wp-content\/uploads\/2023\/01\/Brennessel.jpg\" alt='' title='Brennessel'  height=\"270\" width=\"300\"  itemprop=\"thumbnailUrl\"  \/><\/div><\/div><\/div><\/div>\n<div class='av-flex-placeholder'><\/div><div  class='flex_column av-3avubo-7940ce8079d7d12d12ee5567af821ed3 av_three_fourth  avia-builder-el-15  el_after_av_one_fourth  el_before_av_layout_row  avia-builder-el-last  flex_column_table_cell av-equal-height-column av-align-middle  '     ><p>\n<style type=\"text\/css\" data-created_by=\"avia_inline_auto\" id=\"style-css-av-lbi0jvhy-c164ca21d2a0776d99778704ea54ff5b\">\n#top .av-special-heading.av-lbi0jvhy-c164ca21d2a0776d99778704ea54ff5b{\npadding-bottom:10px;\n}\nbody .av-special-heading.av-lbi0jvhy-c164ca21d2a0776d99778704ea54ff5b .av-special-heading-tag .heading-char{\nfont-size:25px;\n}\n.av-special-heading.av-lbi0jvhy-c164ca21d2a0776d99778704ea54ff5b .av-subheading{\nfont-size:15px;\n}\n<\/style>\n<div  class='av-special-heading av-lbi0jvhy-c164ca21d2a0776d99778704ea54ff5b av-special-heading-h3 blockquote modern-quote  avia-builder-el-16  el_before_av_textblock  avia-builder-el-first '><h3 class='av-special-heading-tag '  itemprop=\"headline\"  >Brennnessel \u2013 eine hervorragende Futterpflanze<\/h3><div class=\"special-heading-border\"><div class=\"special-heading-inner-border\"><\/div><\/div><\/div><br \/>\n<section  class='av_textblock_section av-lbi0ks8u-9fa1001d2f34ba5f8723399613736973 '   itemscope=\"itemscope\" itemtype=\"https:\/\/schema.org\/CreativeWork\" ><div class='avia_textblock'  itemprop=\"text\" ><p>Brennessel sind Unkraut,<\/p>\n<p>und vieles mehr! Nicht nur in der Naturheilkunde sch\u00e4tz man man sie ob ihrer wertvollen Inhaltsstoffe. Auch als Futterpflanze ist sie bei Aquarieninsassen \u00e4u\u00dferst beliebt! Dass nicht nur Aufwuchsfresser davon begeistert sind, k\u00f6nnen Sie in dem Beitrag nachlesen.<\/p>\n<\/div><\/section><br \/>\n<div  class='avia-buttonrow-wrap av-lbi0b7xh-5e4c13d8becbfa777ff4f91cc840cc2c avia-buttonrow-left  avia-builder-el-18  el_after_av_textblock  avia-builder-el-last '>\n\n<style type=\"text\/css\" data-created_by=\"avia_inline_auto\" id=\"style-css-av-lbi07fac-a06365a08f8e275b70a50f3dcd8ba4ad\">\n#top #wrap_all .avia-button.av-lbi07fac-a06365a08f8e275b70a50f3dcd8ba4ad{\nmargin-bottom:5px;\nmargin-right:5px;\n}\n<\/style>\n<a href='https:\/\/aquariendesign-dingolfing.de\/wp-content\/uploads\/2023\/01\/Brennessel.pdf'  class='avia-button av-lbi07fac-a06365a08f8e275b70a50f3dcd8ba4ad avia-icon_select-yes-left-icon avia-size-small avia-color-theme-color'  target=\"_blank\"  rel=\"noopener noreferrer\"  aria-label=\"2014 AMAZONAS 55\"><span class='avia_button_icon avia_button_icon_left avia-iconfont avia-font-entypo-fontello' data-av_icon='\ue82d' data-av_iconfont='entypo-fontello' ><\/span><span class='avia_iconbox_title' >2014 AMAZONAS 55<\/span><\/a>\n<\/div><\/p><\/div><\/div><!--close column table wrapper. Autoclose: 1 -->\n<\/div><\/div><\/div><!-- close content main div --><\/div><\/div><div id='av-layout-grid-4'  class='av-layout-grid-container av-33n95g-40dc9c7a3ebf670efb1338ee49eabf16 entry-content-wrapper main_color av-flex-cells  avia-builder-el-19  el_after_av_three_fourth  el_before_av_one_fourth  grid-row-not-first  container_wrap fullsize'  >\n\n<style type=\"text\/css\" data-created_by=\"avia_inline_auto\" id=\"style-css-av-2v1vt0-62ce5c7bac49578e716de8780f14ec09\">\n.flex_cell.av-2v1vt0-62ce5c7bac49578e716de8780f14ec09{\nvertical-align:top;\nbackground-color:#335b76;\n}\n.responsive #top #wrap_all .flex_cell.av-2v1vt0-62ce5c7bac49578e716de8780f14ec09{\npadding:3px 3px 3px 3px !important;\n}\n<\/style>\n<div class='flex_cell av-2v1vt0-62ce5c7bac49578e716de8780f14ec09 av-gridrow-cell av_one_full no_margin  avia-builder-el-20  avia-builder-el-no-sibling  content-align-top'  ><div class='flex_cell_inner'><\/div><\/div>\n<\/div><div id='after_grid_row_4'  class='main_color av_default_container_wrap container_wrap fullsize'  ><div class='container av-section-cont-open' ><div class='template-page content  av-content-full alpha units'><div class='post-entry post-entry-type-page post-entry-585'><div class='entry-content-wrapper clearfix'>\n<div class='flex_column_table av-3ft2xd-4979c5412fef86d86b2391542f878c93 sc-av_one_fourth av-equal-height-column-flextable'><div  class='flex_column av-3ft2xd-4979c5412fef86d86b2391542f878c93 av_one_fourth  avia-builder-el-21  el_after_av_layout_row  el_before_av_three_fourth  avia-builder-el-first  first flex_column_table_cell av-equal-height-column av-align-middle  '     ><style type=\"text\/css\" data-created_by=\"avia_inline_auto\" id=\"style-css-av-lcx4dl5h-ee9345cd97e5d42b98cd83abf3a72676\">\n.avia-image-container.av-lcx4dl5h-ee9345cd97e5d42b98cd83abf3a72676 img.avia_image{\nbox-shadow:none;\n}\n.avia-image-container.av-lcx4dl5h-ee9345cd97e5d42b98cd83abf3a72676 .av-image-caption-overlay-center{\ncolor:#ffffff;\n}\n<\/style>\n<div  class='avia-image-container av-lcx4dl5h-ee9345cd97e5d42b98cd83abf3a72676 av-styling- avia-align-center  avia-builder-el-22  avia-builder-el-no-sibling '   itemprop=\"image\" itemscope=\"itemscope\" itemtype=\"https:\/\/schema.org\/ImageObject\" ><div class=\"avia-image-container-inner\"><div class=\"avia-image-overlay-wrap\"><img decoding=\"async\" fetchpriority=\"high\" class='wp-image-469 avia-img-lazy-loading-not-469 avia_image ' src=\"https:\/\/aquariendesign-dingolfing.de\/wp-content\/uploads\/2023\/01\/Blaetter-fuer-Garnelen.jpg\" alt='' title='Bl\u00e4tter f\u00fcr Garnelen'  height=\"231\" width=\"300\"  itemprop=\"thumbnailUrl\"  \/><\/div><\/div><\/div><\/div>\n<div class='av-flex-placeholder'><\/div><div  class='flex_column av-3a1hxl-139e43edee07a60745adcc0ac7269c00 av_three_fourth  avia-builder-el-23  el_after_av_one_fourth  el_before_av_layout_row  avia-builder-el-last  flex_column_table_cell av-equal-height-column av-align-middle  '     ><p>\n<style type=\"text\/css\" data-created_by=\"avia_inline_auto\" id=\"style-css-av-lcwfu4c3-9af94098fac9f8eae152cb20bebe02ee\">\n#top .av-special-heading.av-lcwfu4c3-9af94098fac9f8eae152cb20bebe02ee{\npadding-bottom:10px;\n}\nbody .av-special-heading.av-lcwfu4c3-9af94098fac9f8eae152cb20bebe02ee .av-special-heading-tag .heading-char{\nfont-size:25px;\n}\n.av-special-heading.av-lcwfu4c3-9af94098fac9f8eae152cb20bebe02ee .av-subheading{\nfont-size:15px;\n}\n<\/style>\n<div  class='av-special-heading av-lcwfu4c3-9af94098fac9f8eae152cb20bebe02ee av-special-heading-h3 blockquote modern-quote  avia-builder-el-24  el_before_av_textblock  avia-builder-el-first '><h3 class='av-special-heading-tag '  itemprop=\"headline\"  >Bl\u00e4tter f\u00fcr Garnelen<\/h3><div class=\"special-heading-border\"><div class=\"special-heading-inner-border\"><\/div><\/div><\/div><br \/>\n<section  class='av_textblock_section av-lcx49mn1-ccf025a90b92737169869ecce466ad3f '   itemscope=\"itemscope\" itemtype=\"https:\/\/schema.org\/CreativeWork\" ><div class='avia_textblock'  itemprop=\"text\" ><p>Garnelen sind eigentlich Allesfresser. Ich habe festgestellt, dass ihnen &#8222;Gammellaub&#8220; besser schmeckt als teures Spezialfutter!<\/p>\n<\/div><\/section><br \/>\n<div  class='avia-buttonrow-wrap av-lcx4dzjg-7d60722638df774f91696db6ba4e0ff8 avia-buttonrow-left  avia-builder-el-26  el_after_av_textblock  avia-builder-el-last '>\n\n<style type=\"text\/css\" data-created_by=\"avia_inline_auto\" id=\"style-css-av-lcx4dy6h-e7f067e3b3945eaee5d2f2280f6c3436\">\n#top #wrap_all .avia-button.av-lcx4dy6h-e7f067e3b3945eaee5d2f2280f6c3436{\nmargin-bottom:5px;\nmargin-right:5px;\n}\n<\/style>\n<a href='https:\/\/aquariendesign-dingolfing.de\/wp-content\/uploads\/2023\/01\/Blaetter-fuer-Garnelen.pdf'  class='avia-button av-lcx4dy6h-e7f067e3b3945eaee5d2f2280f6c3436 avia-icon_select-yes-left-icon avia-size-small avia-color-theme-color'  target=\"_blank\"  rel=\"noopener noreferrer\"  aria-label=\"2012 DATZ 08\"><span class='avia_button_icon avia_button_icon_left avia-iconfont avia-font-entypo-fontello' data-av_icon='\ue82d' data-av_iconfont='entypo-fontello' ><\/span><span class='avia_iconbox_title' >2012 DATZ 08<\/span><\/a>\n<\/div><\/p><\/div><\/div><!--close column table wrapper. Autoclose: 1 -->\n<\/div><\/div><\/div><!-- close content main div --><\/div><\/div><div id='av-layout-grid-5'  class='av-layout-grid-container av-30937d-18c12ec01ccec4861333a8693327956e entry-content-wrapper main_color av-flex-cells  avia-builder-el-27  el_after_av_three_fourth  avia-builder-el-last  grid-row-not-first  container_wrap fullsize'  >\n\n<style type=\"text\/css\" data-created_by=\"avia_inline_auto\" id=\"style-css-av-2uv81d-6a7804256af0b2ab0c2dcf716722db19\">\n.flex_cell.av-2uv81d-6a7804256af0b2ab0c2dcf716722db19{\nvertical-align:top;\nbackground-color:#335b76;\n}\n.responsive #top #wrap_all .flex_cell.av-2uv81d-6a7804256af0b2ab0c2dcf716722db19{\npadding:3px 3px 3px 3px !important;\n}\n<\/style>\n<div class='flex_cell av-2uv81d-6a7804256af0b2ab0c2dcf716722db19 av-gridrow-cell av_one_full no_margin  avia-builder-el-28  avia-builder-el-no-sibling  content-align-top'  ><div class='flex_cell_inner'><\/div><\/div>\n<\/div>\n","protected":false},"excerpt":{"rendered":"","protected":false},"author":1,"featured_media":0,"parent":0,"menu_order":0,"comment_status":"closed","ping_status":"closed","template":"","meta":{"footnotes":""},"class_list":["post-585","page","type-page","status-publish","hentry"],"yoast_head":"<!-- This site is optimized with the Yoast SEO plugin v27.5 - https:\/\/yoast.com\/product\/yoast-seo-wordpress\/ -->\n<title>Naturfutter - Fisch &amp; Fitz Aquariendesign<\/title>\n<meta name=\"robots\" content=\"index, follow, max-snippet:-1, max-image-preview:large, max-video-preview:-1\" \/>\n<link rel=\"canonical\" href=\"https:\/\/aquariendesign-dingolfing.de\/?page_id=585\" \/>\n<meta property=\"og:locale\" content=\"de_DE\" \/>\n<meta property=\"og:type\" content=\"article\" \/>\n<meta property=\"og:title\" content=\"Naturfutter - Fisch &amp; Fitz Aquariendesign\" \/>\n<meta property=\"og:url\" content=\"https:\/\/aquariendesign-dingolfing.de\/?page_id=585\" \/>\n<meta property=\"og:site_name\" content=\"Fisch &amp; Fitz Aquariendesign\" \/>\n<meta property=\"article:publisher\" content=\"https:\/\/m.facebook.com\/people\/Fisch-Fitz-Aquariendesign\/100057459848659\/\" \/>\n<meta property=\"article:modified_time\" content=\"2023-04-15T19:29:37+00:00\" \/>\n<meta name=\"twitter:card\" content=\"summary_large_image\" \/>\n<meta name=\"twitter:label1\" content=\"Gesch\u00e4tzte Lesezeit\" \/>\n\t<meta name=\"twitter:data1\" content=\"11\u00a0Minuten\" \/>\n<script type=\"application\/ld+json\" class=\"yoast-schema-graph\">{\"@context\":\"https:\\\/\\\/schema.org\",\"@graph\":[{\"@type\":\"WebPage\",\"@id\":\"https:\\\/\\\/aquariendesign-dingolfing.de\\\/?page_id=585\",\"url\":\"https:\\\/\\\/aquariendesign-dingolfing.de\\\/?page_id=585\",\"name\":\"Naturfutter - Fisch &amp; Fitz Aquariendesign\",\"isPartOf\":{\"@id\":\"https:\\\/\\\/aquariendesign-dingolfing.de\\\/#website\"},\"datePublished\":\"2023-01-15T19:00:37+00:00\",\"dateModified\":\"2023-04-15T19:29:37+00:00\",\"breadcrumb\":{\"@id\":\"https:\\\/\\\/aquariendesign-dingolfing.de\\\/?page_id=585#breadcrumb\"},\"inLanguage\":\"de\",\"potentialAction\":[{\"@type\":\"ReadAction\",\"target\":[\"https:\\\/\\\/aquariendesign-dingolfing.de\\\/?page_id=585\"]}]},{\"@type\":\"BreadcrumbList\",\"@id\":\"https:\\\/\\\/aquariendesign-dingolfing.de\\\/?page_id=585#breadcrumb\",\"itemListElement\":[{\"@type\":\"ListItem\",\"position\":1,\"name\":\"Startseite\",\"item\":\"https:\\\/\\\/aquariendesign-dingolfing.de\\\/?page_id=17\"},{\"@type\":\"ListItem\",\"position\":2,\"name\":\"Naturfutter\"}]},{\"@type\":\"WebSite\",\"@id\":\"https:\\\/\\\/aquariendesign-dingolfing.de\\\/#website\",\"url\":\"https:\\\/\\\/aquariendesign-dingolfing.de\\\/\",\"name\":\"Fisch & Fitz Aquariendesign\",\"description\":\"Aquariendesign\",\"publisher\":{\"@id\":\"https:\\\/\\\/aquariendesign-dingolfing.de\\\/#organization\"},\"potentialAction\":[{\"@type\":\"SearchAction\",\"target\":{\"@type\":\"EntryPoint\",\"urlTemplate\":\"https:\\\/\\\/aquariendesign-dingolfing.de\\\/?s={search_term_string}\"},\"query-input\":{\"@type\":\"PropertyValueSpecification\",\"valueRequired\":true,\"valueName\":\"search_term_string\"}}],\"inLanguage\":\"de\"},{\"@type\":\"Organization\",\"@id\":\"https:\\\/\\\/aquariendesign-dingolfing.de\\\/#organization\",\"name\":\"Fisch & Fitz Aquariendesign\",\"url\":\"https:\\\/\\\/aquariendesign-dingolfing.de\\\/\",\"logo\":{\"@type\":\"ImageObject\",\"inLanguage\":\"de\",\"@id\":\"https:\\\/\\\/aquariendesign-dingolfing.de\\\/#\\\/schema\\\/logo\\\/image\\\/\",\"url\":\"https:\\\/\\\/aquariendesign-dingolfing.de\\\/wp-content\\\/uploads\\\/2023\\\/03\\\/Logo9.png\",\"contentUrl\":\"https:\\\/\\\/aquariendesign-dingolfing.de\\\/wp-content\\\/uploads\\\/2023\\\/03\\\/Logo9.png\",\"width\":1706,\"height\":598,\"caption\":\"Fisch & Fitz Aquariendesign\"},\"image\":{\"@id\":\"https:\\\/\\\/aquariendesign-dingolfing.de\\\/#\\\/schema\\\/logo\\\/image\\\/\"},\"sameAs\":[\"https:\\\/\\\/m.facebook.com\\\/people\\\/Fisch-Fitz-Aquariendesign\\\/100057459848659\\\/\"]}]}<\/script>\n<!-- \/ Yoast SEO plugin. -->","yoast_head_json":{"title":"Naturfutter - Fisch &amp; Fitz Aquariendesign","robots":{"index":"index","follow":"follow","max-snippet":"max-snippet:-1","max-image-preview":"max-image-preview:large","max-video-preview":"max-video-preview:-1"},"canonical":"https:\/\/aquariendesign-dingolfing.de\/?page_id=585","og_locale":"de_DE","og_type":"article","og_title":"Naturfutter - Fisch &amp; Fitz Aquariendesign","og_url":"https:\/\/aquariendesign-dingolfing.de\/?page_id=585","og_site_name":"Fisch &amp; Fitz Aquariendesign","article_publisher":"https:\/\/m.facebook.com\/people\/Fisch-Fitz-Aquariendesign\/100057459848659\/","article_modified_time":"2023-04-15T19:29:37+00:00","twitter_card":"summary_large_image","twitter_misc":{"Gesch\u00e4tzte Lesezeit":"11\u00a0Minuten"},"schema":{"@context":"https:\/\/schema.org","@graph":[{"@type":"WebPage","@id":"https:\/\/aquariendesign-dingolfing.de\/?page_id=585","url":"https:\/\/aquariendesign-dingolfing.de\/?page_id=585","name":"Naturfutter - Fisch &amp; Fitz Aquariendesign","isPartOf":{"@id":"https:\/\/aquariendesign-dingolfing.de\/#website"},"datePublished":"2023-01-15T19:00:37+00:00","dateModified":"2023-04-15T19:29:37+00:00","breadcrumb":{"@id":"https:\/\/aquariendesign-dingolfing.de\/?page_id=585#breadcrumb"},"inLanguage":"de","potentialAction":[{"@type":"ReadAction","target":["https:\/\/aquariendesign-dingolfing.de\/?page_id=585"]}]},{"@type":"BreadcrumbList","@id":"https:\/\/aquariendesign-dingolfing.de\/?page_id=585#breadcrumb","itemListElement":[{"@type":"ListItem","position":1,"name":"Startseite","item":"https:\/\/aquariendesign-dingolfing.de\/?page_id=17"},{"@type":"ListItem","position":2,"name":"Naturfutter"}]},{"@type":"WebSite","@id":"https:\/\/aquariendesign-dingolfing.de\/#website","url":"https:\/\/aquariendesign-dingolfing.de\/","name":"Fisch & Fitz Aquariendesign","description":"Aquariendesign","publisher":{"@id":"https:\/\/aquariendesign-dingolfing.de\/#organization"},"potentialAction":[{"@type":"SearchAction","target":{"@type":"EntryPoint","urlTemplate":"https:\/\/aquariendesign-dingolfing.de\/?s={search_term_string}"},"query-input":{"@type":"PropertyValueSpecification","valueRequired":true,"valueName":"search_term_string"}}],"inLanguage":"de"},{"@type":"Organization","@id":"https:\/\/aquariendesign-dingolfing.de\/#organization","name":"Fisch & Fitz Aquariendesign","url":"https:\/\/aquariendesign-dingolfing.de\/","logo":{"@type":"ImageObject","inLanguage":"de","@id":"https:\/\/aquariendesign-dingolfing.de\/#\/schema\/logo\/image\/","url":"https:\/\/aquariendesign-dingolfing.de\/wp-content\/uploads\/2023\/03\/Logo9.png","contentUrl":"https:\/\/aquariendesign-dingolfing.de\/wp-content\/uploads\/2023\/03\/Logo9.png","width":1706,"height":598,"caption":"Fisch & Fitz Aquariendesign"},"image":{"@id":"https:\/\/aquariendesign-dingolfing.de\/#\/schema\/logo\/image\/"},"sameAs":["https:\/\/m.facebook.com\/people\/Fisch-Fitz-Aquariendesign\/100057459848659\/"]}]}},"_links":{"self":[{"href":"https:\/\/aquariendesign-dingolfing.de\/index.php?rest_route=\/wp\/v2\/pages\/585","targetHints":{"allow":["GET"]}}],"collection":[{"href":"https:\/\/aquariendesign-dingolfing.de\/index.php?rest_route=\/wp\/v2\/pages"}],"about":[{"href":"https:\/\/aquariendesign-dingolfing.de\/index.php?rest_route=\/wp\/v2\/types\/page"}],"author":[{"embeddable":true,"href":"https:\/\/aquariendesign-dingolfing.de\/index.php?rest_route=\/wp\/v2\/users\/1"}],"replies":[{"embeddable":true,"href":"https:\/\/aquariendesign-dingolfing.de\/index.php?rest_route=%2Fwp%2Fv2%2Fcomments&post=585"}],"version-history":[{"count":3,"href":"https:\/\/aquariendesign-dingolfing.de\/index.php?rest_route=\/wp\/v2\/pages\/585\/revisions"}],"predecessor-version":[{"id":725,"href":"https:\/\/aquariendesign-dingolfing.de\/index.php?rest_route=\/wp\/v2\/pages\/585\/revisions\/725"}],"wp:attachment":[{"href":"https:\/\/aquariendesign-dingolfing.de\/index.php?rest_route=%2Fwp%2Fv2%2Fmedia&parent=585"}],"curies":[{"name":"wp","href":"https:\/\/api.w.org\/{rel}","templated":true}]}}